{"id":329,"date":"2024-07-26T11:13:42","date_gmt":"2024-07-26T11:13:42","guid":{"rendered":"https:\/\/panodloterii.pl\/?post_type=product&#038;p=329"},"modified":"2024-08-28T10:44:49","modified_gmt":"2024-08-28T10:44:49","slug":"loteria-fantowa-poradnik-i-dokumentacja-organizatora","status":"publish","type":"product","link":"https:\/\/panodloterii.pl\/index.php\/produkt\/loteria-fantowa-poradnik-i-dokumentacja-organizatora\/","title":{"rendered":"Loteria Fantowa \u2022 Poradnik i Dokumentacja organizatora"},"content":{"rendered":"<h3>Poradnik organizatora loterii \u2013 loteria bez tajemnic<\/h3>\n<p>Idea poradnika \u201eZasady Organizacji Loterii\u201d zrodzi\u0142a si\u0119 w 2004 roku. Spotka\u0142em w\u00f3wczas przysz\u0142ych moich wsp\u00f3lnik\u00f3w z Irlandii. Peter, Manus i John od czterdziestu lat zajmuj\u0105 si\u0119 wsp\u00f3\u0142prac\u0105 z trzecim sektorem w swojej ojczy\u017anie oraz w Wielkiej Brytanii. Przy ich udziale dokonano korzystnych zmian w brytyjskich przepisach, a liczne organizacje dobroczynne realizuj\u0105 swoj\u0105 misj\u0119 dzi\u0119ki pozyskanym funduszom.<\/p>\n<p>Niestety w Polsce, w ci\u0105gu 70 lat loteri\u0119 fantow\u0105 skutecznie zdegradowano do festynowej i \u015bwietlicowej rozrywki. Lecz kiedy ju\u017c wskrzeszono ich fundraisingow\u0105 funkcj\u0119, okaza\u0142o si\u0119, \u017ce organizatorzy loteri podlegaj\u0105 represyjnym przepisom i ponosz\u0105 za ich przeprowadzenie nieuzasadnione konsekwencje.<\/p>\n<p>Zdaj\u0119 sobie spraw\u0119, \u017ce dzi\u0119ki zgromadzonemu do\u015bwiadczeniu mog\u0119 pom\u00f3c wszystkim tym, kt\u00f3rzy planuj\u0105 przeprowadzi\u0107 loterie. W Polsce zorganizowa\u0142em ponad dwa tysi\u0105ce loterii. Rozda\u0142em nagrody o warto\u015bci setek milion\u00f3w z\u0142otych. Ju\u017c ponad 20 lat zajmuj\u0119 si\u0119 komercyjnymi grami losowymi w Polsce dla sektora promocyjnego (informacje o organizacji loterii)<\/p>\n<p>Oddaj\u0119 w Pa\u0144stwa r\u0119ce nie tylko niniejsze kompendium ale tak\u017ce zaproszenie do wsp\u00f3\u0142pracy przy organizacji loterii fantowych, poniewa\u017c pragn\u0119 pomaga\u0107 tym, kt\u00f3rzy pomagaj\u0105. Z poradnika dla organizator\u00f3w loterii dowiesz si\u0119 [spis tre\u015bci]:<\/p>\n<h3>Etap 1: Pomys\u0142 i przygotowanie loterii fantowej.<\/h3>\n<ul>\n<li>Pomys\u0142<\/li>\n<li>Organizator<\/li>\n<li>Cel spo\u0142ecznie u\u017cyteczny<\/li>\n<li>Nagrody<\/li>\n<li>Mechanizm<\/li>\n<li>Losy<\/li>\n<li>Miejsce sprzeda\u017cy<\/li>\n<li>Zg\u0142oszenie<\/li>\n<li>Regulamin i zmiany w regulaminie<\/li>\n<li>Za\u015bwiadczenia o wygranej i ewidencja za\u015bwiadcze\u0144<\/li>\n<li>Ewidencja podstaw opodatkowania i obliczania podatku od gier<\/li>\n<li>Ewidencja wydanych nagr\u00f3d o warto\u015bci powy\u017cej 20.000 z\u0142otych<\/li>\n<li>Sponsorzy<\/li>\n<\/ul>\n<h3>Etap 2: Przeprowadzenie loterii.<\/h3>\n<ul>\n<li>Zawiadomienie o rozpocz\u0119ciu<\/li>\n<li>Zmiana regulaminu<\/li>\n<li>Sprzeda\u017c los\u00f3w i ewidencjonowanie przychodu<\/li>\n<li>Podatek od gier i ewidencja<\/li>\n<li>Losowanie nagr\u00f3d<\/li>\n<li>Wydanie nagr\u00f3d<\/li>\n<li>Podatek od nagr\u00f3d<\/li>\n<li>Za\u015bwiadczenie o wygranej<\/li>\n<li>Reklamacje<\/li>\n<\/ul>\n<h3>Etap 3: Rewizja wynik\u00f3w i sprawozdanie z przebiegu loterii.<\/h3>\n<ul>\n<li>Protok\u00f3\u0142 z przebiegu loterii<\/li>\n<li>Wynik finansowy loterii<\/li>\n<li>Informacja o zako\u0144czeniu loterii<\/li>\n<li>Sprawozdanie IGH-1<\/li>\n<li>Kontrola<\/li>\n<li>Podsumowanie<\/li>\n<li>Podzi\u0119kowanie<\/li>\n<\/ul>\n<h3>Dodatek: Dokumentacja organizatora loterii<\/h3>\n<ul>\n<li>Zg\u0142oszenie \/ wniosek<\/li>\n<li>Pe\u0142nomocnictwo og\u00f3lne<\/li>\n<li>Wz\u00f3r regulaminu loterii nr 1<\/li>\n<li>Wz\u00f3r regulaminu loterii nr 2<\/li>\n<li>Ewidencja wydanych nagr\u00f3d nr 1<\/li>\n<li>Ewidencja podstaw opodatkowania podatkiem od gier<\/li>\n<li>Ewidencja podatku od gier<\/li>\n<li>Ewidencja za\u015bwiadcze\u0144 o wygranej<\/li>\n<li>Wniosek o wydanie za\u015bwiadcze\u0144 o wygranej<\/li>\n<li>Wniosek o po\u015bwiadczenie ewidencji<\/li>\n<li>Wniosek o zamkni\u0119cie ewidencji<\/li>\n<\/ul>\n","protected":false},"excerpt":{"rendered":"<p>Oddaj\u0119 w Pa\u0144stwa r\u0119ce nie tylko niniejsze kompendium ale tak\u017ce zaproszenie do wsp\u00f3\u0142pracy przy organizacji loterii fantowych, poniewa\u017c pragn\u0119 pomaga\u0107 tym, kt\u00f3rzy pomagaj\u0105. Z poradnika dla organizator\u00f3w loterii dowiesz si\u0119 nie tylko jak uzyska\u0107 zezwolenie (dokona\u0107 zg\u0142oszenia) ale przede wszystkim jak organizowa\u0107 loteri\u0119, aby przynios\u0142a rezultat.<\/p>\n<p>Kompendium jest wynikiem osobistego zaanga\u017cowania w projekty loteryjne licznych organizacji pozarz\u0105dowych i wsp\u00f3\u0142pracy z Polskim Stowarzyszeniem Fundraisingu.<\/p>\n","protected":false},"featured_media":351,"comment_status":"closed","ping_status":"closed","template":"","meta":{"_uag_custom_page_level_css":""},"product_cat":[30],"product_tag":[],"uagb_featured_image_src":{"full":["https:\/\/panodloterii.pl\/wp-content\/uploads\/2024\/07\/1622214415.png",1500,1366,false],"thumbnail":["https:\/\/panodloterii.pl\/wp-content\/uploads\/2024\/07\/1622214415-150x150.png",150,150,true],"medium":["https:\/\/panodloterii.pl\/wp-content\/uploads\/2024\/07\/1622214415-300x273.png",300,273,true],"medium_large":["https:\/\/panodloterii.pl\/wp-content\/uploads\/2024\/07\/1622214415-768x699.png",768,699,true],"large":["https:\/\/panodloterii.pl\/wp-content\/uploads\/2024\/07\/1622214415-1024x933.png",1024,933,true],"1536x1536":["https:\/\/panodloterii.pl\/wp-content\/uploads\/2024\/07\/1622214415.png",1500,1366,false],"2048x2048":["https:\/\/panodloterii.pl\/wp-content\/uploads\/2024\/07\/1622214415.png",1500,1366,false],"woocommerce_thumbnail":["https:\/\/panodloterii.pl\/wp-content\/uploads\/2024\/07\/1622214415-300x300.png",300,300,true],"woocommerce_single":["https:\/\/panodloterii.pl\/wp-content\/uploads\/2024\/07\/1622214415-600x546.png",600,546,true],"woocommerce_gallery_thumbnail":["https:\/\/panodloterii.pl\/wp-content\/uploads\/2024\/07\/1622214415-100x100.png",100,100,true]},"uagb_author_info":{"display_name":"admin","author_link":"https:\/\/panodloterii.pl\/index.php\/author\/"},"uagb_comment_info":0,"uagb_excerpt":"Oddaj\u0119 w Pa\u0144stwa r\u0119ce nie tylko niniejsze kompendium ale tak\u017ce zaproszenie do wsp\u00f3\u0142pracy przy organizacji loterii fantowych, poniewa\u017c pragn\u0119 pomaga\u0107 tym, kt\u00f3rzy pomagaj\u0105. Z poradnika dla organizator\u00f3w loterii dowiesz si\u0119 nie tylko jak uzyska\u0107 zezwolenie (dokona\u0107 zg\u0142oszenia) ale przede wszystkim jak organizowa\u0107 loteri\u0119, aby przynios\u0142a rezultat. Kompendium jest wynikiem osobistego zaanga\u017cowania w projekty loteryjne licznych&hellip;","_links":{"self":[{"href":"https:\/\/panodloterii.pl\/index.php\/wp-json\/wp\/v2\/product\/329"}],"collection":[{"href":"https:\/\/panodloterii.pl\/index.php\/wp-json\/wp\/v2\/product"}],"about":[{"href":"https:\/\/panodloterii.pl\/index.php\/wp-json\/wp\/v2\/types\/product"}],"replies":[{"embeddable":true,"href":"https:\/\/panodloterii.pl\/index.php\/wp-json\/wp\/v2\/comments?post=329"}],"wp:featuredmedia":[{"embeddable":true,"href":"https:\/\/panodloterii.pl\/index.php\/wp-json\/wp\/v2\/media\/351"}],"wp:attachment":[{"href":"https:\/\/panodloterii.pl\/index.php\/wp-json\/wp\/v2\/media?parent=329"}],"wp:term":[{"taxonomy":"product_cat","embeddable":true,"href":"https:\/\/panodloterii.pl\/index.php\/wp-json\/wp\/v2\/product_cat?post=329"},{"taxonomy":"product_tag","embeddable":true,"href":"https:\/\/panodloterii.pl\/index.php\/wp-json\/wp\/v2\/product_tag?post=329"}],"curies":[{"name":"wp","href":"https:\/\/api.w.org\/{rel}","templated":true}]}}