{"id":203,"date":"2024-07-16T16:05:40","date_gmt":"2024-07-16T16:05:40","guid":{"rendered":"https:\/\/panodloterii.pl\/?page_id=203"},"modified":"2025-01-09T21:47:51","modified_gmt":"2025-01-09T21:47:51","slug":"webinar_some","status":"publish","type":"page","link":"https:\/\/panodloterii.pl\/index.php\/webinar_some\/","title":{"rendered":"Webinar SoMe"},"content":{"rendered":"<div class=\"wp-block-group alignfull has-accent-4-background-color has-background is-vertical is-content-justification-center is-nowrap is-layout-flex wp-container-core-group-is-layout-3 wp-block-group-is-layout-flex\" style=\"min-height:0vh;margin-top:var(--wp--preset--spacing--10);margin-bottom:var(--wp--preset--spacing--10);padding-top:var(--wp--preset--spacing--40);padding-right:var(--wp--preset--spacing--40);padding-bottom:var(--wp--preset--spacing--40);padding-left:var(--wp--preset--spacing--40)\"><div class=\"wp-block-columns alignwide are-vertically-aligned-center is-layout-flex wp-container-core-columns-is-layout-1 wp-block-columns-is-layout-flex\"><div class=\"wp-block-column is-vertically-aligned-center is-layout-flow wp-block-column-is-layout-flow\" style=\"flex-basis:70%\"><div class=\"wp-block-group is-layout-flow wp-container-core-group-is-layout-2 wp-block-group-is-layout-flow\" style=\"min-height:100%;margin-top:0;margin-bottom:0;padding-right:0;padding-left:0\"><div class=\"wp-block-group has-global-padding is-content-justification-left is-layout-constrained wp-container-core-group-is-layout-1 wp-block-group-is-layout-constrained\" style=\"padding-right:0;padding-left:0\"><h6 class=\"wp-block-heading has-custom-kolor-1-color has-text-color has-link-color has-large-font-size wp-elements-eb6332d7effedf69e1289541acee8080\"><strong>Loteria w SoMe: <br>losuj legalnie i wygodnie!<\/strong><\/h6>\n\n<p class=\"has-medium-font-size\">Od roku 2023 influencerzy odnosz\u0105 loteryjne sukcesy. Zarabiaj\u0105 miliony i przyci\u0105gaj\u0105 tysi\u0105ce followers\u00f3w. Ty tak\u017ce mo\u017cesz losowa\u0107 nagrody! <strong>Skorzystaj z mo\u017cliwo\u015bci na szybkie, tanie i legalne loterie w SoMe.<\/strong> Odkrywam przed Tob\u0105:<\/p>\n\n<h2 class=\"wp-block-heading has-contrast-3-color has-text-color has-link-color has-large-font-size wp-elements-c9ac4da76a34ca32dd0a2cc171cf6f10\"><strong>3 sposoby na losowanie nagr\u00f3d przez influencer\u00f3w w socialmediach<\/strong><\/h2>\n\n<p class=\"has-medium-font-size\">We\u017a udzia\u0142 w webinarze, kt\u00f3ry zainspirowa\u0142 ju\u017c 256 tw\u00f3rc\u00f3w internetowych. Nie mo\u017cesz tego przegapi\u0107. <\/p><\/div><\/div><\/div>\n\n<div class=\"wp-block-column is-vertically-aligned-center is-layout-flow wp-block-column-is-layout-flow\" style=\"flex-basis:60%\"><figure class=\"wp-block-image size-full\"><img loading=\"lazy\" decoding=\"async\" width=\"894\" height=\"646\" src=\"https:\/\/panodloterii.pl\/wp-content\/uploads\/2024\/07\/loteria-organizacja-agencja-650\u00d7470-px-32.jpg\" alt=\"\" class=\"wp-image-276\" srcset=\"https:\/\/panodloterii.pl\/wp-content\/uploads\/2024\/07\/loteria-organizacja-agencja-650\u00d7470-px-32.jpg 894w, https:\/\/panodloterii.pl\/wp-content\/uploads\/2024\/07\/loteria-organizacja-agencja-650\u00d7470-px-32-300x217.jpg 300w, https:\/\/panodloterii.pl\/wp-content\/uploads\/2024\/07\/loteria-organizacja-agencja-650\u00d7470-px-32-768x555.jpg 768w, https:\/\/panodloterii.pl\/wp-content\/uploads\/2024\/07\/loteria-organizacja-agencja-650\u00d7470-px-32-600x434.jpg 600w\" sizes=\"(max-width: 894px) 100vw, 894px\" \/><\/figure><\/div><\/div>\n\n<div class=\"wp-block-uagb-separator uagb-block-a1218e52\"><div class=\"uagb-separator-spacing-wrapper\"><div class=\"wp-block-uagb-separator__inner\" style=\"--my-background-image:\"><\/div><\/div><\/div><\/div><div class=\"wp-block-group has-border-color has-custom-kolor-1-border-color has-global-padding is-layout-constrained wp-container-core-group-is-layout-5 wp-block-group-is-layout-constrained\" style=\"border-style:dashed;border-width:7px;border-radius:16px;margin-top:var(--wp--preset--spacing--30);margin-bottom:var(--wp--preset--spacing--30);padding-top:var(--wp--preset--spacing--10);padding-right:var(--wp--preset--spacing--10);padding-bottom:var(--wp--preset--spacing--10);padding-left:var(--wp--preset--spacing--10)\"><h5 class=\"wp-block-heading is-style-default has-contrast-2-color has-text-color has-link-color has-medium-font-size wp-elements-ec9e1638ccfb515b6afcabe7b7b5a876\">Uwaga! Unikaj przypadkowych &#8222;loterii&#8221; i konsekwencji karnych. Poznaj typowe b\u0142\u0119dy pope\u0142niane przez tw\u00f3rc\u00f3w internetowych.<\/h5>\n\n<h5 class=\"wp-block-heading has-custom-kolor-1-color has-text-color has-link-color has-large-font-size wp-elements-4a275f092fb9c104f22d9bd02d2249ad\">Influencerka ukarana za losowanie vouchera o warto\u015bci 200 z\u0142!<\/h5>\n\n<div class=\"wp-block-group is-vertical is-layout-flex wp-container-core-group-is-layout-4 wp-block-group-is-layout-flex\"><figure class=\"wp-block-image size-large\"><img loading=\"lazy\" decoding=\"async\" width=\"1024\" height=\"476\" src=\"https:\/\/panodloterii.pl\/wp-content\/uploads\/2024\/07\/ukarana-influencerka-1024x476.png\" alt=\"\" class=\"wp-image-294\" srcset=\"https:\/\/panodloterii.pl\/wp-content\/uploads\/2024\/07\/ukarana-influencerka-1024x476.png 1024w, https:\/\/panodloterii.pl\/wp-content\/uploads\/2024\/07\/ukarana-influencerka-300x139.png 300w, https:\/\/panodloterii.pl\/wp-content\/uploads\/2024\/07\/ukarana-influencerka-768x357.png 768w, https:\/\/panodloterii.pl\/wp-content\/uploads\/2024\/07\/ukarana-influencerka-600x279.png 600w, https:\/\/panodloterii.pl\/wp-content\/uploads\/2024\/07\/ukarana-influencerka.png 1076w\" sizes=\"(max-width: 1024px) 100vw, 1024px\" \/><\/figure><\/div>\n\n<h3 class=\"wp-block-heading is-style-default has-contrast-3-color has-text-color has-link-color has-x-large-font-size wp-elements-ca90f1112d47fd97083b3436e3e65eca\"><strong>13.000 z\u0142 grzywny<\/strong><\/h3>\n\n<p>Nie\u015bwiadomo\u015b\u0107 nie zwalnia z odpowiedzialno\u015bci. Bole\u015bnie przekona\u0142a si\u0119 o tym Magdalena, kt\u00f3ra prowadzi salon pi\u0119kno\u015bci. W mediach spo\u0142eczno\u015bciowych profil jej firmy ogl\u0105da 13 tysi\u0119cy os\u00f3b. Urz\u0105d celny wymierzy\u0142 jej 13.000 z\u0142 kary i konsekwencje karno-skarbowe.<\/p>\n\n<h4 class=\"wp-block-heading has-custom-kolor-1-color has-text-color has-link-color has-medium-font-size wp-elements-4aa6e712d62d0f717f5d3e28a98f983e\">Uwaga! Zmiana przepis\u00f3w &#8211; minimalna grzywna wynosi a\u017c <span style=\"text-decoration: underline;\"><strong>22.000 z\u0142<\/strong>!<\/span><\/h4><\/div><div class=\"wp-block-group alignfull has-border-color has-custom-kolor-1-background-color has-background is-horizontal is-content-justification-center is-layout-flex wp-container-core-group-is-layout-8 wp-block-group-is-layout-flex\" style=\"border-color:#e4efeb;border-width:1px;border-radius:0px;min-height:0vh;margin-top:52px;margin-bottom:52px;padding-top:var(--wp--preset--spacing--30);padding-right:var(--wp--preset--spacing--20);padding-bottom:var(--wp--preset--spacing--30);padding-left:var(--wp--preset--spacing--20)\"><h2 class=\"wp-block-heading has-base-2-color has-text-color has-link-color has-x-large-font-size wp-elements-c674fe6825a7f8e7681152c25a35303f\"><strong>Zr\u00f3b losowanie na profilu<\/strong>. Przyci\u0105gaj jak magnes. <\/h2>\n\n<p>Losowa\u0107 mo\u017ce ka\u017cdy! Nawet bez firmy. Nale\u017cy wzi\u0105\u0107 pod uwag\u0119 regulacje dotycz\u0105ce loterii oraz wymagania platform Facebook \/ Instagram \/ YouTube \/ Tik-Tok. Ci tw\u00f3rcy robi\u0105 to prawid\u0142owo:<\/p>\n\n<div class=\"wp-block-columns alignwide is-layout-flex wp-container-core-columns-is-layout-2 wp-block-columns-is-layout-flex\"><div class=\"wp-block-column is-vertically-aligned-center is-layout-flow wp-block-column-is-layout-flow\"><div class=\"wp-block-group is-layout-flow wp-container-core-group-is-layout-7 wp-block-group-is-layout-flow\" style=\"min-height:100%;margin-top:0;margin-bottom:0;padding-right:0;padding-left:0\"><div class=\"wp-block-group has-global-padding is-layout-constrained wp-block-group-is-layout-constrained\" style=\"padding-right:0;padding-left:0\"><figure class=\"wp-block-image size-large\"><img loading=\"lazy\" decoding=\"async\" width=\"653\" height=\"1024\" src=\"https:\/\/panodloterii.pl\/wp-content\/uploads\/2024\/07\/Zrzut-ekranu-2024-07-17-o-12.02.39-653x1024.jpeg\" alt=\"\" class=\"wp-image-270\" style=\"object-fit:cover\" srcset=\"https:\/\/panodloterii.pl\/wp-content\/uploads\/2024\/07\/Zrzut-ekranu-2024-07-17-o-12.02.39-653x1024.jpeg 653w, https:\/\/panodloterii.pl\/wp-content\/uploads\/2024\/07\/Zrzut-ekranu-2024-07-17-o-12.02.39-191x300.jpeg 191w, https:\/\/panodloterii.pl\/wp-content\/uploads\/2024\/07\/Zrzut-ekranu-2024-07-17-o-12.02.39-600x941.jpeg 600w, https:\/\/panodloterii.pl\/wp-content\/uploads\/2024\/07\/Zrzut-ekranu-2024-07-17-o-12.02.39.jpeg 740w\" sizes=\"(max-width: 653px) 100vw, 653px\" \/><\/figure><\/div><\/div><\/div>\n\n<div class=\"wp-block-column is-vertically-aligned-center has-global-padding is-layout-constrained wp-block-column-is-layout-constrained\"><figure class=\"wp-block-image size-large\"><img loading=\"lazy\" decoding=\"async\" width=\"653\" height=\"1024\" src=\"https:\/\/panodloterii.pl\/wp-content\/uploads\/2024\/07\/Zrzut-ekranu-2024-07-17-o-12.02.392-653x1024.jpeg\" alt=\"\" class=\"wp-image-268\" srcset=\"https:\/\/panodloterii.pl\/wp-content\/uploads\/2024\/07\/Zrzut-ekranu-2024-07-17-o-12.02.392-653x1024.jpeg 653w, https:\/\/panodloterii.pl\/wp-content\/uploads\/2024\/07\/Zrzut-ekranu-2024-07-17-o-12.02.392-191x300.jpeg 191w, https:\/\/panodloterii.pl\/wp-content\/uploads\/2024\/07\/Zrzut-ekranu-2024-07-17-o-12.02.392-600x941.jpeg 600w, https:\/\/panodloterii.pl\/wp-content\/uploads\/2024\/07\/Zrzut-ekranu-2024-07-17-o-12.02.392.jpeg 740w\" sizes=\"(max-width: 653px) 100vw, 653px\" \/><\/figure><\/div>\n\n<div class=\"wp-block-column is-vertically-aligned-center has-global-padding is-layout-constrained wp-block-column-is-layout-constrained\"><figure class=\"wp-block-image size-large\"><img loading=\"lazy\" decoding=\"async\" width=\"653\" height=\"1024\" src=\"https:\/\/panodloterii.pl\/wp-content\/uploads\/2024\/07\/Zrzut-ekranu-2024-07-17-o-12.02.391-653x1024.jpeg\" alt=\"\" class=\"wp-image-269\" srcset=\"https:\/\/panodloterii.pl\/wp-content\/uploads\/2024\/07\/Zrzut-ekranu-2024-07-17-o-12.02.391-653x1024.jpeg 653w, https:\/\/panodloterii.pl\/wp-content\/uploads\/2024\/07\/Zrzut-ekranu-2024-07-17-o-12.02.391-191x300.jpeg 191w, https:\/\/panodloterii.pl\/wp-content\/uploads\/2024\/07\/Zrzut-ekranu-2024-07-17-o-12.02.391-600x941.jpeg 600w, https:\/\/panodloterii.pl\/wp-content\/uploads\/2024\/07\/Zrzut-ekranu-2024-07-17-o-12.02.391.jpeg 740w\" sizes=\"(max-width: 653px) 100vw, 653px\" \/><\/figure><\/div>\n\n<div class=\"wp-block-column is-layout-flow wp-block-column-is-layout-flow\"><figure class=\"wp-block-image size-large\"><img loading=\"lazy\" decoding=\"async\" width=\"653\" height=\"1024\" src=\"https:\/\/panodloterii.pl\/wp-content\/uploads\/2024\/07\/Zrzut-ekranu-2024-07-17-o-12.02.3921-653x1024.jpeg\" alt=\"\" class=\"wp-image-288\" srcset=\"https:\/\/panodloterii.pl\/wp-content\/uploads\/2024\/07\/Zrzut-ekranu-2024-07-17-o-12.02.3921-653x1024.jpeg 653w, https:\/\/panodloterii.pl\/wp-content\/uploads\/2024\/07\/Zrzut-ekranu-2024-07-17-o-12.02.3921-191x300.jpeg 191w, https:\/\/panodloterii.pl\/wp-content\/uploads\/2024\/07\/Zrzut-ekranu-2024-07-17-o-12.02.3921-600x941.jpeg 600w, https:\/\/panodloterii.pl\/wp-content\/uploads\/2024\/07\/Zrzut-ekranu-2024-07-17-o-12.02.3921.jpeg 740w\" sizes=\"(max-width: 653px) 100vw, 653px\" \/><\/figure><\/div><\/div>\n\n<div class=\"wp-block-uagb-separator uagb-block-9d2bf77b\"><div class=\"uagb-separator-spacing-wrapper\"><div class=\"wp-block-uagb-separator__inner\" style=\"--my-background-image:\"><\/div><\/div><\/div>\n\n<p class=\"has-base-2-color has-text-color has-link-color has-small-font-size wp-elements-3f4f2a34c19de9548c0a7e56f86ac287\">Przyk\u0142ady losowa\u0144 nagr\u00f3d zrealizowanych w mediach spo\u0142eczno\u015bciowych. \u0179r\u00f3d\u0142o: instagram @baykuskebab @pitbullsports @rezigiusz @milosnicy4kolek<\/p><\/div><div class=\"wp-block-group alignfull has-accent-4-background-color has-background is-vertical is-content-justification-center is-nowrap is-layout-flex wp-container-core-group-is-layout-11 wp-block-group-is-layout-flex\" style=\"min-height:59vh;margin-top:var(--wp--preset--spacing--10);margin-bottom:var(--wp--preset--spacing--10);padding-top:var(--wp--preset--spacing--10);padding-right:var(--wp--preset--spacing--40);padding-bottom:var(--wp--preset--spacing--10);padding-left:var(--wp--preset--spacing--40)\"><div class=\"wp-block-columns alignwide are-vertically-aligned-center is-layout-flex wp-container-core-columns-is-layout-3 wp-block-columns-is-layout-flex\"><div class=\"wp-block-column is-vertically-aligned-center is-layout-flow wp-block-column-is-layout-flow\" style=\"flex-basis:70%\"><div class=\"wp-block-group is-layout-flow wp-container-core-group-is-layout-10 wp-block-group-is-layout-flow\" style=\"min-height:100%;margin-top:0;margin-bottom:0;padding-right:0;padding-left:0\"><div class=\"wp-block-group has-global-padding is-content-justification-left is-layout-constrained wp-container-core-group-is-layout-9 wp-block-group-is-layout-constrained\" style=\"padding-right:0;padding-left:0\"><h5 class=\"wp-block-heading has-medium-font-size\"><strong>30 stycznia 2025, g.12 do 13<\/strong><\/h5>\n\n<h2 class=\"wp-block-heading has-large-font-size\"><strong>Odkryj 3 sposoby na losowanie!<\/strong><\/h2>\n\n<p>Ten webinar zmienia podej\u015bcie do loterii w social mediach. Zobacz sposoby na loteri\u0119 na YT, IG, FB oraz TT.  Podczas spotkania om\u00f3wi\u0119:<\/p>\n\n<ul><li><strong>1 przyk\u0142ad<\/strong> nielegalnej loterii<\/li>\n\n<li><strong>2 dotkliwe wyroki <\/strong>na organizatorach loterii w SoMe<\/li>\n\n<li><strong>3 legalne sposoby losowania <\/strong>nagr\u00f3d w mediach spos\u0142eczno\u015bciowych<\/li>\n\n<li><strong>5 gro\u017anych b\u0142\u0119d\u00f3w<\/strong> pope\u0142nianych przez influencer\u00f3w<\/li>\n\n<li><strong>7 przyk\u0142ad\u00f3w godnych na\u015bladowania<\/strong> pod wzgl\u0119dem legalno\u015bci i skuteczno\u015bci<\/li><\/ul>\n\n<p>Z mojej wiedzy korzystaj\u0105&nbsp; sklepy internetowe, sieci handlowe, banki oraz 256 tw\u00f3rc\u00f3w internetowych, 543 organizacje dobroczynne. <\/p>\n\n<h5 class=\"wp-block-heading has-base-color has-custom-kolor-1-background-color has-text-color has-background has-link-color has-large-font-size wp-elements-b73b8c87f1ed80c6515e067bf0f783d2\" style=\"padding-top:var(--wp--preset--spacing--10);padding-right:var(--wp--preset--spacing--10);padding-bottom:var(--wp--preset--spacing--10);padding-left:var(--wp--preset--spacing--10)\">Do\u0142\u0105cz do bezp\u0142atnego webinaru (nie) tylko dla influencer\u00f3w \u261e \u261e \u261e<\/h5><\/div><\/div><\/div>\n\n<div class=\"wp-block-column is-vertically-aligned-center is-layout-flow wp-block-column-is-layout-flow\" style=\"flex-basis:55%\"><script data-b24-form=\"inline\/68\/dnsbox\" data-skip-moving=\"true\">\n(function(w,d,u){\nvar s=d.createElement('script');s.async=true;s.src=u+'?'+(Date.now()\/180000|0);\nvar h=d.getElementsByTagName('script')[0];h.parentNode.insertBefore(s,h);\n})(window,document,'https:\/\/cdn.bitrix24.eu\/b1229001\/crm\/form\/loader_68.js');\n<\/script><\/div><\/div>\n\n<div class=\"wp-block-uagb-separator uagb-block-0b2695b7\"><div class=\"uagb-separator-spacing-wrapper\"><div class=\"wp-block-uagb-separator__inner\" style=\"--my-background-image:\"><\/div><\/div><\/div><\/div><div class=\"wp-block-group has-global-padding is-layout-constrained wp-block-group-is-layout-constrained\"><h2 class=\"wp-block-heading has-text-align-center has-large-font-size\">Bonus dla uczestnik\u00f3w webinaru:<\/h2>\n\n<figure class=\"wp-block-image size-full has-custom-border\"><img loading=\"lazy\" decoding=\"async\" width=\"1000\" height=\"700\" src=\"https:\/\/panodloterii.pl\/wp-content\/uploads\/2024\/07\/Pobierz-checkliste-2.jpg\" alt=\"\" class=\"has-border-color has-base-border-color wp-image-292\" style=\"border-width:14px\" srcset=\"https:\/\/panodloterii.pl\/wp-content\/uploads\/2024\/07\/Pobierz-checkliste-2.jpg 1000w, https:\/\/panodloterii.pl\/wp-content\/uploads\/2024\/07\/Pobierz-checkliste-2-300x210.jpg 300w, https:\/\/panodloterii.pl\/wp-content\/uploads\/2024\/07\/Pobierz-checkliste-2-768x538.jpg 768w, https:\/\/panodloterii.pl\/wp-content\/uploads\/2024\/07\/Pobierz-checkliste-2-600x420.jpg 600w\" sizes=\"(max-width: 1000px) 100vw, 1000px\" \/><\/figure><\/div><hr class=\"wp-block-separator has-alpha-channel-opacity is-style-default\" style=\"margin-top:var(--wp--preset--spacing--20);margin-bottom:var(--wp--preset--spacing--20)\"\/><div class=\"wp-block-group alignfull has-accent-4-background-color has-background is-vertical is-content-justification-center is-nowrap is-layout-flex wp-container-core-group-is-layout-15 wp-block-group-is-layout-flex\" style=\"min-height:59vh;margin-top:0;margin-bottom:0;padding-top:var(--wp--preset--spacing--10);padding-right:var(--wp--preset--spacing--40);padding-bottom:var(--wp--preset--spacing--10);padding-left:var(--wp--preset--spacing--40)\"><div class=\"wp-block-columns alignwide are-vertically-aligned-center is-layout-flex wp-container-core-columns-is-layout-4 wp-block-columns-is-layout-flex\"><div class=\"wp-block-column is-vertically-aligned-center is-layout-flow wp-block-column-is-layout-flow\" style=\"flex-basis:45%\"><figure class=\"wp-block-image size-large is-resized has-custom-border is-style-rounded wp-duotone-unset-1\"><img decoding=\"async\" src=\"https:\/\/loteria.org.pl\/wp-content\/uploads\/2024\/05\/L-23.jpeg\" alt=\"\" style=\"border-style:none;border-width:0px;border-radius:0px;object-fit:contain;width:392px;height:auto\"\/><\/figure><\/div>\n\n<div class=\"wp-block-column is-vertically-aligned-center is-layout-flow wp-block-column-is-layout-flow\" style=\"flex-basis:60%\"><div class=\"wp-block-group is-layout-flow wp-container-core-group-is-layout-14 wp-block-group-is-layout-flow\" style=\"min-height:100%;margin-top:0;margin-bottom:0;padding-right:0;padding-left:0\"><div class=\"wp-block-group has-global-padding is-content-justification-left is-layout-constrained wp-container-core-group-is-layout-13 wp-block-group-is-layout-constrained\" style=\"padding-right:0;padding-left:0\"><h5 class=\"wp-block-heading\">Prowadz\u0105cy<\/h5>\n\n<h6 class=\"wp-block-heading has-large-font-size\"><strong>Wojciech Koczorowski<\/strong><\/h6>\n\n<p>Ekonomista, tw\u00f3rca i redaktor serwisu loteria.org.pl. Za\u0142o\u017cyciel trzech sp\u00f3\u0142ek. Prezes Instytutu Loterii Dobroczynnych. Przedsi\u0119biorca. Tw\u00f3rca internetowy. Szcz\u0119\u015bliwy m\u0105\u017c pani psycholog. Tata trzech c\u00f3rek.<\/p>\n\n<p>Od 1999 posiada uprawnienia do nadzoru nad prawid\u0142owo\u015bci\u0105 organizacji loterii. Nieprzerwanie pomaga topowym markom w organizacji loterii. Autor wydawnictw &#8222;Loteria dla influencera&#8221;, &#8222;Na szcz\u0119\u015bcie Fundraising&#8221; oraz raportu &#8222;Loterie podatkowe 2020-2023&#8221;. Cz\u0142onek Polskiego Stowarzyszenia Fundraisingu. Kamienie milowe:<\/p>\n\n<ul><li>1999: zdaj\u0119 egzamin w Ministerstwie Finans\u00f3w i uzyskuj\u0119 pierwsze \u015bwiadectwo zawodowe do nadzoru nad loteriami<\/li>\n\n<li>2000: Levi Strauss &amp; Co \u2013 moja pierwsza loteria<\/li>\n\n<li>2004: Playprint Ltd \u2013 organizuj\u0119 irlandzkie loterie w Polsce<\/li>\n\n<li>2015: Na szcz\u0119\u015bcie Fundraising &#8211; publikacja poradnika<\/li>\n\n<li>2022: NEW! Rozwijam innowacyjne technologie w loteriach dla eCommerce<\/li>\n\n<li>2024: Cz\u0142onek Polskiego Stowarzyszenia Fundraisingu<\/li><\/ul><\/div><\/div><\/div><\/div>\n\n<div class=\"wp-block-uagb-separator uagb-block-98b6ab7a\"><div class=\"uagb-separator-spacing-wrapper\"><div class=\"wp-block-uagb-separator__inner\" style=\"--my-background-image:\"><\/div><\/div><\/div><\/div><div class=\"wp-block-group has-global-padding is-layout-constrained wp-block-group-is-layout-constrained\"><div class=\"wp-block-columns alignwide are-vertically-aligned-center is-layout-flex wp-container-core-columns-is-layout-5 wp-block-columns-is-layout-flex\"><div class=\"wp-block-column is-vertically-aligned-center is-layout-flow wp-block-column-is-layout-flow\" style=\"flex-basis:100%\"><div class=\"wp-block-group is-layout-flow wp-container-core-group-is-layout-17 wp-block-group-is-layout-flow\" style=\"min-height:100%;margin-top:0;margin-bottom:0;padding-right:0;padding-left:0\"><div class=\"wp-block-group has-global-padding is-content-justification-left is-layout-constrained wp-container-core-group-is-layout-16 wp-block-group-is-layout-constrained\" style=\"padding-right:0;padding-left:0\"><script data-b24-form=\"inline\/68\/dnsbox\" data-skip-moving=\"true\">\n(function(w,d,u){\nvar s=d.createElement('script');s.async=true;s.src=u+'?'+(Date.now()\/180000|0);\nvar h=d.getElementsByTagName('script')[0];h.parentNode.insertBefore(s,h);\n})(window,document,'https:\/\/cdn.bitrix24.eu\/b1229001\/crm\/form\/loader_68.js');\n<\/script><\/div><\/div><\/div><\/div><\/div><div class=\"wp-block-group has-global-padding is-layout-constrained wp-block-group-is-layout-constrained\"><p class=\"has-text-align-center has-small-font-size\">Dotychczas ukaza\u0142y si\u0119 moje publikacje o loteriach w mediach:<\/p>\n\n<figure class=\"wp-block-image size-large\"><img loading=\"lazy\" decoding=\"async\" width=\"1024\" height=\"124\" src=\"https:\/\/panodloterii.pl\/wp-content\/uploads\/2024\/07\/publikacje-1024x124.jpeg\" alt=\"\" class=\"wp-image-195\" srcset=\"https:\/\/panodloterii.pl\/wp-content\/uploads\/2024\/07\/publikacje-1024x124.jpeg 1024w, https:\/\/panodloterii.pl\/wp-content\/uploads\/2024\/07\/publikacje-300x36.jpeg 300w, https:\/\/panodloterii.pl\/wp-content\/uploads\/2024\/07\/publikacje-768x93.jpeg 768w, https:\/\/panodloterii.pl\/wp-content\/uploads\/2024\/07\/publikacje-1536x186.jpeg 1536w, https:\/\/panodloterii.pl\/wp-content\/uploads\/2024\/07\/publikacje-600x73.jpeg 600w, https:\/\/panodloterii.pl\/wp-content\/uploads\/2024\/07\/publikacje.jpeg 1598w\" sizes=\"(max-width: 1024px) 100vw, 1024px\" \/><\/figure><\/div>","protected":false},"excerpt":{"rendered":"<p>Loteria w SoMe: losuj legalnie i wygodnie! Od roku 2023 influencerzy odnosz\u0105 loteryjne sukcesy. Zarabiaj\u0105 miliony i przyci\u0105gaj\u0105 tysi\u0105ce followers\u00f3w. Ty tak\u017ce mo\u017cesz losowa\u0107 nagrody! Skorzystaj z mo\u017cliwo\u015bci na szybkie, tanie i legalne loterie w SoMe. Odkrywam przed Tob\u0105: 3 sposoby na losowanie nagr\u00f3d przez influencer\u00f3w w socialmediach We\u017a udzia\u0142 w webinarze, kt\u00f3ry zainspirowa\u0142 ju\u017c [&hellip;]<\/p>\n","protected":false},"author":1,"featured_media":0,"parent":0,"menu_order":0,"comment_status":"closed","ping_status":"closed","template":"","meta":{"_uag_custom_page_level_css":"","footnotes":""},"uagb_featured_image_src":{"full":false,"thumbnail":false,"medium":false,"medium_large":false,"large":false,"1536x1536":false,"2048x2048":false,"woocommerce_thumbnail":false,"woocommerce_single":false,"woocommerce_gallery_thumbnail":false},"uagb_author_info":{"display_name":"admin","author_link":"https:\/\/panodloterii.pl\/index.php\/author\/admin\/"},"uagb_comment_info":0,"uagb_excerpt":"Loteria w SoMe: losuj legalnie i wygodnie! Od roku 2023 influencerzy odnosz\u0105 loteryjne sukcesy. Zarabiaj\u0105 miliony i przyci\u0105gaj\u0105 tysi\u0105ce followers\u00f3w. Ty tak\u017ce mo\u017cesz losowa\u0107 nagrody! Skorzystaj z mo\u017cliwo\u015bci na szybkie, tanie i legalne loterie w SoMe. Odkrywam przed Tob\u0105: 3 sposoby na losowanie nagr\u00f3d przez influencer\u00f3w w socialmediach We\u017a udzia\u0142 w webinarze, kt\u00f3ry zainspirowa\u0142 ju\u017c&hellip;","_links":{"self":[{"href":"https:\/\/panodloterii.pl\/index.php\/wp-json\/wp\/v2\/pages\/203"}],"collection":[{"href":"https:\/\/panodloterii.pl\/index.php\/wp-json\/wp\/v2\/pages"}],"about":[{"href":"https:\/\/panodloterii.pl\/index.php\/wp-json\/wp\/v2\/types\/page"}],"author":[{"embeddable":true,"href":"https:\/\/panodloterii.pl\/index.php\/wp-json\/wp\/v2\/users\/1"}],"replies":[{"embeddable":true,"href":"https:\/\/panodloterii.pl\/index.php\/wp-json\/wp\/v2\/comments?post=203"}],"version-history":[{"count":52,"href":"https:\/\/panodloterii.pl\/index.php\/wp-json\/wp\/v2\/pages\/203\/revisions"}],"predecessor-version":[{"id":605,"href":"https:\/\/panodloterii.pl\/index.php\/wp-json\/wp\/v2\/pages\/203\/revisions\/605"}],"wp:attachment":[{"href":"https:\/\/panodloterii.pl\/index.php\/wp-json\/wp\/v2\/media?parent=203"}],"curies":[{"name":"wp","href":"https:\/\/api.w.org\/{rel}","templated":true}]}}